{"id":3272,"date":"2024-08-09T14:07:55","date_gmt":"2024-08-09T17:07:55","guid":{"rendered":"https:\/\/gotasdeamor.net\/?page_id=3272"},"modified":"2026-01-30T15:38:27","modified_gmt":"2026-01-30T18:38:27","slug":"transparencia","status":"publish","type":"page","link":"https:\/\/gotasdeamor.net\/it\/transparencia\/","title":{"rendered":"Trasparenza"},"content":{"rendered":"<div data-elementor-type=\"wp-page\" data-elementor-id=\"3272\" class=\"elementor elementor-3272\" data-elementor-post-type=\"page\">\n\t\t\t\t<div class=\"elementor-element elementor-element-9b7f22f e-flex e-con-boxed e-con e-parent\" data-id=\"9b7f22f\" data-element_type=\"container\" data-settings=\"{&quot;background_background&quot;:&quot;classic&quot;,&quot;shape_divider_top&quot;:&quot;waves&quot;}\">\n\t\t\t\t\t<div class=\"e-con-inner\">\n\t\t\t\t<div class=\"elementor-shape elementor-shape-top\" aria-hidden=\"true\" data-negative=\"false\">\n\t\t\t<svg xmlns=\"http:\/\/www.w3.org\/2000\/svg\" viewbox=\"0 0 1000 100\" preserveaspectratio=\"none\">\n\t<path class=\"elementor-shape-fill\" d=\"M421.9,6.5c22.6-2.5,51.5,0.4,75.5,5.3c23.6,4.9,70.9,23.5,100.5,35.7c75.8,32.2,133.7,44.5,192.6,49.7\tc23.6,2.1,48.7,3.5,103.4-2.5c54.7-6,106.2-25.6,106.2-25.6V0H0v30.3c0,0,72,32.6,158.4,30.5c39.2-0.7,92.8-6.7,134-22.4\tc21.2-8.1,52.2-18.2,79.7-24.2C399.3,7.9,411.6,7.5,421.9,6.5z\"\/>\n<\/svg>\t\t<\/div>\n\t\t<div class=\"elementor-element elementor-element-6210122 e-con-full e-flex e-con e-child\" data-id=\"6210122\" data-element_type=\"container\">\n\t\t\t\t<div class=\"elementor-element elementor-element-70a4a3f elementor-widget elementor-widget-heading\" data-id=\"70a4a3f\" data-element_type=\"widget\" data-widget_type=\"heading.default\">\n\t\t\t\t<div class=\"elementor-widget-container\">\n\t\t\t\t\t<h2 class=\"elementor-heading-title elementor-size-default\">Concessione dell'uso dell'Acqua<\/h2>\t\t\t\t<\/div>\n\t\t\t\t<\/div>\n\t\t\t\t<div class=\"elementor-element elementor-element-a5a4f4e elementor-widget elementor-widget-text-editor\" data-id=\"a5a4f4e\" data-element_type=\"widget\" data-widget_type=\"text-editor.default\">\n\t\t\t\t<div class=\"elementor-widget-container\">\n\t\t\t\t\t\t\t\t\t<p>Concede il diritto all'uso delle risorse idriche<\/p>\t\t\t\t\t\t\t\t<\/div>\n\t\t\t\t<\/div>\n\t\t\t\t<div class=\"elementor-element elementor-element-0797a88 elementor-widget elementor-widget-text-editor\" data-id=\"0797a88\" data-element_type=\"widget\" data-widget_type=\"text-editor.default\">\n\t\t\t\t<div class=\"elementor-widget-container\">\n\t\t\t\t\t\t\t\t\t<p>Validade: Agosto de 2032<\/p>\t\t\t\t\t\t\t\t<\/div>\n\t\t\t\t<\/div>\n\t\t\t\t<\/div>\n\t\t<div class=\"elementor-element elementor-element-165ea7d e-con-full e-flex e-con e-child\" data-id=\"165ea7d\" data-element_type=\"container\">\n\t\t\t\t<div class=\"elementor-element elementor-element-646776d elementor-widget elementor-widget-image\" data-id=\"646776d\" data-element_type=\"widget\" data-widget_type=\"image.default\">\n\t\t\t\t<div class=\"elementor-widget-container\">\n\t\t\t\t\t\t\t\t\t\t\t\t\t\t\t<img decoding=\"async\" width=\"100\" height=\"113\" src=\"https:\/\/gotasdeamor.net\/wp-content\/uploads\/2024\/08\/gotas_icone-pdf.png\" class=\"attachment-large size-large wp-image-3318\" alt=\"\" srcset=\"https:\/\/gotasdeamor.net\/wp-content\/uploads\/2024\/08\/gotas_icone-pdf.png 100w, https:\/\/gotasdeamor.net\/wp-content\/uploads\/2024\/08\/gotas_icone-pdf-11x12.png 11w\" sizes=\"(max-width: 100px) 100vw, 100px\" \/>\t\t\t\t\t\t\t\t\t\t\t\t\t\t\t<\/div>\n\t\t\t\t<\/div>\n\t\t\t\t<div class=\"elementor-element elementor-element-5e7a017 elementor-align-center elementor-widget elementor-widget-button\" data-id=\"5e7a017\" data-element_type=\"widget\" data-widget_type=\"button.default\">\n\t\t\t\t<div class=\"elementor-widget-container\">\n\t\t\t\t\t\t\t\t\t<div class=\"elementor-button-wrapper\">\n\t\t\t\t\t<a class=\"elementor-button elementor-button-link elementor-size-sm\" href=\"https:\/\/gotasdeamor.net\/wp-content\/uploads\/2024\/08\/Oficio_Outorga-o-Direito-de-Uso-de-Recursos-Hidricos.pdf\" target=\"_blank\">\n\t\t\t\t\t\t<span class=\"elementor-button-content-wrapper\">\n\t\t\t\t\t\t<span class=\"elementor-button-icon\">\n\t\t\t\t<i aria-hidden=\"true\" class=\"far fa-arrow-alt-circle-down\"><\/i>\t\t\t<\/span>\n\t\t\t\t\t\t\t\t\t<span class=\"elementor-button-text\">Scendere<\/span>\n\t\t\t\t\t<\/span>\n\t\t\t\t\t<\/a>\n\t\t\t\t<\/div>\n\t\t\t\t\t\t\t\t<\/div>\n\t\t\t\t<\/div>\n\t\t\t\t<\/div>\n\t\t\t\t\t<\/div>\n\t\t\t\t<\/div>\n\t\t<div class=\"elementor-element elementor-element-2ac6e71 e-con-full e-flex e-con e-parent\" data-id=\"2ac6e71\" data-element_type=\"container\" data-settings=\"{&quot;background_background&quot;:&quot;classic&quot;}\">\n\t\t<div class=\"elementor-element elementor-element-a5f7f1e e-con-full e-flex e-con e-child\" data-id=\"a5f7f1e\" data-element_type=\"container\" data-settings=\"{&quot;background_background&quot;:&quot;classic&quot;}\">\n\t\t<div class=\"elementor-element elementor-element-5ae4d59 e-con-full e-flex e-con e-child\" data-id=\"5ae4d59\" data-element_type=\"container\">\n\t\t\t\t<div class=\"elementor-element elementor-element-92f9f1c elementor-widget elementor-widget-heading\" data-id=\"92f9f1c\" data-element_type=\"widget\" data-widget_type=\"heading.default\">\n\t\t\t\t<div class=\"elementor-widget-container\">\n\t\t\t\t\t<h2 class=\"elementor-heading-title elementor-size-default\">Certificati e rapporti: 2026<\/h2>\t\t\t\t<\/div>\n\t\t\t\t<\/div>\n\t\t\t\t<div class=\"elementor-element elementor-element-24e1318 elementor-widget elementor-widget-text-editor\" data-id=\"24e1318\" data-element_type=\"widget\" data-widget_type=\"text-editor.default\">\n\t\t\t\t<div class=\"elementor-widget-container\">\n\t\t\t\t\t\t\t\t\t<p>VerdeLab Anal\u00f3gica Ambiental LTDA certifica che il campione di acqua raccolto presso la sede dell'Instituto Irm\u00e3 Giuliana Galli soddisfa gli standard fisici, chimici e microbiologici per la potabilit\u00e0.<\/p>\t\t\t\t\t\t\t\t<\/div>\n\t\t\t\t<\/div>\n\t\t\t\t<div class=\"elementor-element elementor-element-c915b03 elementor-widget elementor-widget-text-editor\" data-id=\"c915b03\" data-element_type=\"widget\" data-widget_type=\"text-editor.default\">\n\t\t\t\t<div class=\"elementor-widget-container\">\n\t\t\t\t\t\t\t\t\t<p>Validit\u00e0: febbraio 2026<\/p>\t\t\t\t\t\t\t\t<\/div>\n\t\t\t\t<\/div>\n\t\t\t\t<div class=\"elementor-element elementor-element-b164bd0 elementor-align-left elementor-widget elementor-widget-button\" data-id=\"b164bd0\" data-element_type=\"widget\" data-widget_type=\"button.default\">\n\t\t\t\t<div class=\"elementor-widget-container\">\n\t\t\t\t\t\t\t\t\t<div class=\"elementor-button-wrapper\">\n\t\t\t\t\t<a class=\"elementor-button elementor-button-link elementor-size-sm\" href=\"https:\/\/gotasdeamor.net\/it\/transparencia-2025\/\" target=\"_blank\">\n\t\t\t\t\t\t<span class=\"elementor-button-content-wrapper\">\n\t\t\t\t\t\t<span class=\"elementor-button-icon\">\n\t\t\t\t<i aria-hidden=\"true\" class=\"far fa-arrow-alt-circle-down\"><\/i>\t\t\t<\/span>\n\t\t\t\t\t\t\t\t\t<span class=\"elementor-button-text\">Consultar 2025<\/span>\n\t\t\t\t\t<\/span>\n\t\t\t\t\t<\/a>\n\t\t\t\t<\/div>\n\t\t\t\t\t\t\t\t<\/div>\n\t\t\t\t<\/div>\n\t\t\t\t<\/div>\n\t\t<div class=\"elementor-element elementor-element-2316a33 e-flex e-con-boxed e-con e-child\" data-id=\"2316a33\" data-element_type=\"container\" data-settings=\"{&quot;background_background&quot;:&quot;classic&quot;}\">\n\t\t\t\t\t<div class=\"e-con-inner\">\n\t\t<div class=\"elementor-element elementor-element-a322e0c e-con-full e-flex e-con e-child\" data-id=\"a322e0c\" data-element_type=\"container\">\n\t\t\t\t<div class=\"elementor-element elementor-element-17109d2 elementor-widget elementor-widget-image\" data-id=\"17109d2\" data-element_type=\"widget\" data-widget_type=\"image.default\">\n\t\t\t\t<div class=\"elementor-widget-container\">\n\t\t\t\t\t\t\t\t\t\t\t\t\t\t\t<img decoding=\"async\" width=\"100\" height=\"113\" src=\"https:\/\/gotasdeamor.net\/wp-content\/uploads\/2024\/08\/gotas_icone-pdf.png\" class=\"attachment-large size-large wp-image-3318\" alt=\"\" srcset=\"https:\/\/gotasdeamor.net\/wp-content\/uploads\/2024\/08\/gotas_icone-pdf.png 100w, https:\/\/gotasdeamor.net\/wp-content\/uploads\/2024\/08\/gotas_icone-pdf-11x12.png 11w\" sizes=\"(max-width: 100px) 100vw, 100px\" \/>\t\t\t\t\t\t\t\t\t\t\t\t\t\t\t<\/div>\n\t\t\t\t<\/div>\n\t\t\t\t<div class=\"elementor-element elementor-element-6b695d3 elementor-align-center elementor-widget elementor-widget-button\" data-id=\"6b695d3\" data-element_type=\"widget\" data-widget_type=\"button.default\">\n\t\t\t\t<div class=\"elementor-widget-container\">\n\t\t\t\t\t\t\t\t\t<div class=\"elementor-button-wrapper\">\n\t\t\t\t\t<a class=\"elementor-button elementor-button-link elementor-size-sm\" href=\"https:\/\/gotasdeamor.net\/wp-content\/uploads\/2025\/11\/Agua-Gotas_Certificado_Analise-completa-de-potabilidade.pdf\" target=\"_blank\">\n\t\t\t\t\t\t<span class=\"elementor-button-content-wrapper\">\n\t\t\t\t\t\t<span class=\"elementor-button-icon\">\n\t\t\t\t<i aria-hidden=\"true\" class=\"far fa-arrow-alt-circle-down\"><\/i>\t\t\t<\/span>\n\t\t\t\t\t\t\t\t\t<span class=\"elementor-button-text\">Scendere<\/span>\n\t\t\t\t\t<\/span>\n\t\t\t\t\t<\/a>\n\t\t\t\t<\/div>\n\t\t\t\t\t\t\t\t<\/div>\n\t\t\t\t<\/div>\n\t\t\t\t<\/div>\n\t\t\t\t\t<\/div>\n\t\t\t\t<\/div>\n\t\t\t\t<\/div>\n\t\t\t\t<\/div>\n\t\t\t\t<\/div>","protected":false},"excerpt":{"rendered":"<p>Outorga do uso da \u00c1gua Outorga o Direito de Uso de Recursos H\u00eddricos Validade: Agosto de 2032 Baixar Certificados e Laudos: 2026 A VerdeLab Anal\u00edtica Ambiental LTDA, certifica que a amostra de \u00e1gua coletada nas sedes do Instituto Irm\u00e3 Giuliana Galli, atendem aos padr\u00f5es F\u00edsico Qu\u00edmicos e Microbiol\u00f3gicos de potabilidade. Validade: Fevereiro de 2026 Consultar [&hellip;]<\/p>\n","protected":false},"author":1,"featured_media":0,"parent":0,"menu_order":0,"comment_status":"closed","ping_status":"closed","template":"","meta":{"_monsterinsights_skip_tracking":false,"_monsterinsights_sitenote_active":false,"_monsterinsights_sitenote_note":"","_monsterinsights_sitenote_category":0,"footnotes":""},"class_list":["post-3272","page","type-page","status-publish","hentry"],"acf":[],"aioseo_notices":[],"_links":{"self":[{"href":"https:\/\/gotasdeamor.net\/it\/wp-json\/wp\/v2\/pages\/3272","targetHints":{"allow":["GET"]}}],"collection":[{"href":"https:\/\/gotasdeamor.net\/it\/wp-json\/wp\/v2\/pages"}],"about":[{"href":"https:\/\/gotasdeamor.net\/it\/wp-json\/wp\/v2\/types\/page"}],"author":[{"embeddable":true,"href":"https:\/\/gotasdeamor.net\/it\/wp-json\/wp\/v2\/users\/1"}],"replies":[{"embeddable":true,"href":"https:\/\/gotasdeamor.net\/it\/wp-json\/wp\/v2\/comments?post=3272"}],"version-history":[{"count":48,"href":"https:\/\/gotasdeamor.net\/it\/wp-json\/wp\/v2\/pages\/3272\/revisions"}],"predecessor-version":[{"id":4245,"href":"https:\/\/gotasdeamor.net\/it\/wp-json\/wp\/v2\/pages\/3272\/revisions\/4245"}],"wp:attachment":[{"href":"https:\/\/gotasdeamor.net\/it\/wp-json\/wp\/v2\/media?parent=3272"}],"curies":[{"name":"wp","href":"https:\/\/api.w.org\/{rel}","templated":true}]}}