{"id":2219,"date":"2023-12-21T22:59:20","date_gmt":"2023-12-22T01:59:20","guid":{"rendered":"https:\/\/gotasdeamor.net\/?page_id=2219"},"modified":"2024-09-25T15:29:14","modified_gmt":"2024-09-25T18:29:14","slug":"missao","status":"publish","type":"page","link":"https:\/\/gotasdeamor.net\/it\/missao\/","title":{"rendered":"La Nostra Missione"},"content":{"rendered":"<div data-elementor-type=\"wp-page\" data-elementor-id=\"2219\" class=\"elementor elementor-2219\" data-elementor-post-type=\"page\">\n\t\t\t\t<div class=\"elementor-element elementor-element-6ad60e13 e-con-full e-flex e-con e-parent\" data-id=\"6ad60e13\" data-element_type=\"container\" data-settings=\"{&quot;background_background&quot;:&quot;classic&quot;,&quot;shape_divider_top&quot;:&quot;tilt&quot;,&quot;shape_divider_bottom&quot;:&quot;tilt&quot;}\">\n\t\t\t\t<div class=\"elementor-shape elementor-shape-top\" aria-hidden=\"true\" data-negative=\"false\">\n\t\t\t<svg xmlns=\"http:\/\/www.w3.org\/2000\/svg\" viewbox=\"0 0 1000 100\" preserveaspectratio=\"none\">\n\t<path class=\"elementor-shape-fill\" d=\"M0,6V0h1000v100L0,6z\"\/>\n<\/svg>\t\t<\/div>\n\t\t\t\t<div class=\"elementor-shape elementor-shape-bottom\" aria-hidden=\"true\" data-negative=\"false\">\n\t\t\t<svg xmlns=\"http:\/\/www.w3.org\/2000\/svg\" viewbox=\"0 0 1000 100\" preserveaspectratio=\"none\">\n\t<path class=\"elementor-shape-fill\" d=\"M0,6V0h1000v100L0,6z\"\/>\n<\/svg>\t\t<\/div>\n\t\t<div class=\"elementor-element elementor-element-69eed40b e-con-full e-flex e-con e-child\" data-id=\"69eed40b\" data-element_type=\"container\">\n\t\t\t\t<div class=\"elementor-element elementor-element-c653a6f elementor-widget-mobile__width-inherit elementor-widget elementor-widget-image-box\" data-id=\"c653a6f\" data-element_type=\"widget\" data-widget_type=\"image-box.default\">\n\t\t\t\t<div class=\"elementor-widget-container\">\n\t\t\t\t\t<div class=\"elementor-image-box-wrapper\"><div class=\"elementor-image-box-content\"><h3 class=\"elementor-image-box-title\">La Nostra Missione<\/h3><p class=\"elementor-image-box-description\">La ricerca dell'acqua nella nostra comunit\u00e0 \u00e8 iniziata durante la costruzione della scuola, nel 1999. Da allora, la scarsit\u00e0 d'acqua, comune nel Nordest brasiliano, \u00e8 sempre stata una grande sfida. Nel 2015 \u00e8 stato necessario perforare un nuovo pozzo profondo 70 metri, situato nell'area del campo di calcio dell'Instituto Irm\u00e3 Giuliana Galli. Questo pozzo ha portato un'importante soluzione, garantendo l'approvvigionamento di acqua in maggiori quantit\u00e0 e con migliore qualit\u00e0.\n<br><br>\nL'acqua estratta \u00e8 azionata da pompe che funzionano con l'energia generata dai pannelli solari, promuovendo un sistema sostenibile. L'acqua viene immagazzinata in cisterne di acciaio inox e, all'estremit\u00e0 della rete idraulica, viene depurata mediante filtri a carboni attivi.\n<br><br>\nIl nostro prossimo passo \u00e8 quello di migliorare ulteriormente la qualit\u00e0 di questo processo, con la creazione di una stazione centralizzata di trattamento dell'acqua, utilizzando la tecnologia dell'osmosi inversa, che garantir\u00e0 una purezza ancora maggiore.<\/p><\/div><\/div>\t\t\t\t<\/div>\n\t\t\t\t<\/div>\n\t\t\t\t<div class=\"elementor-element elementor-element-30da5aa6 elementor-widget elementor-widget-image\" data-id=\"30da5aa6\" data-element_type=\"widget\" data-widget_type=\"image.default\">\n\t\t\t\t<div class=\"elementor-widget-container\">\n\t\t\t\t\t\t\t\t\t\t\t\t\t\t\t<img fetchpriority=\"high\" decoding=\"async\" width=\"500\" height=\"318\" src=\"https:\/\/gotasdeamor.net\/wp-content\/uploads\/2023\/11\/tempo_2015.jpg\" class=\"attachment-large size-large wp-image-452\" alt=\"\" srcset=\"https:\/\/gotasdeamor.net\/wp-content\/uploads\/2023\/11\/tempo_2015.jpg 500w, https:\/\/gotasdeamor.net\/wp-content\/uploads\/2023\/11\/tempo_2015-300x191.jpg 300w\" sizes=\"(max-width: 500px) 100vw, 500px\" \/>\t\t\t\t\t\t\t\t\t\t\t\t\t\t\t<\/div>\n\t\t\t\t<\/div>\n\t\t\t\t<\/div>\n\t\t<div class=\"elementor-element elementor-element-63f96c25 e-con-full e-flex e-con e-child\" data-id=\"63f96c25\" data-element_type=\"container\">\n\t\t\t\t<div class=\"elementor-element elementor-element-7c6f36d2 elementor-widget__width-initial elementor-widget-tablet__width-inherit elementor-widget-mobile__width-inherit elementor-position-top elementor-widget elementor-widget-image-box\" data-id=\"7c6f36d2\" data-element_type=\"widget\" data-widget_type=\"image-box.default\">\n\t\t\t\t<div class=\"elementor-widget-container\">\n\t\t\t\t\t<div class=\"elementor-image-box-wrapper\"><figure class=\"elementor-image-box-img\"><img decoding=\"async\" width=\"793\" height=\"480\" src=\"https:\/\/gotasdeamor.net\/wp-content\/uploads\/2024\/05\/capa_missao.jpeg\" class=\"attachment-full size-full wp-image-2877\" alt=\"\" srcset=\"https:\/\/gotasdeamor.net\/wp-content\/uploads\/2024\/05\/capa_missao.jpeg 793w, https:\/\/gotasdeamor.net\/wp-content\/uploads\/2024\/05\/capa_missao-300x182.jpeg 300w, https:\/\/gotasdeamor.net\/wp-content\/uploads\/2024\/05\/capa_missao-768x465.jpeg 768w\" sizes=\"(max-width: 793px) 100vw, 793px\" \/><\/figure><div class=\"elementor-image-box-content\"><p class=\"elementor-image-box-description\">La nostra missione \u00e8 trasformare la vita, portando acqua pulita e dignit\u00e0 ai bambini e ai giovani in situazioni di vulnerabilit\u00e0 sociale nella Comunit\u00e0 Garibaldi. Crediamo che l\u2019accesso all\u2019acqua sia un diritto essenziale e, pertanto, ci impegniamo a garantire che questa risorsa arrivi in \u200b\u200bmodo sostenibile e accessibile.\n<br><br>\nUtilizziamo l\u2019energia solare fotovoltaica per rendere l\u2019approvvigionamento idrico non solo sostenibile dal punto di vista ambientale, ma anche finanziariamente sostenibile, garantendo un futuro migliore per tutti.\n<br><br>\nAffinch\u00e9 questo sogno di accesso universale all'acqua potabile diventi realt\u00e0 per l'intera Comunit\u00e0 Garibaldi, contiamo sul vostro sostegno.\n<br>\nCom a sua contribui\u00e7\u00e3o, estaremos proporcionando sa\u00fade, dignidade e desenvolvimento para muitas crian\u00e7as que dependem dessa iniciativa.\n<br><br>\nFai clic sul pulsante qui sotto e prendi parte a questa trasformazione. Aiutaci a garantire un futuro pi\u00f9 sano e giusto ai nostri figli!<\/p><\/div><\/div>\t\t\t\t<\/div>\n\t\t\t\t<\/div>\n\t\t\t\t<div class=\"elementor-element elementor-element-0665611 elementor-mobile-align-center elementor-widget__width-inherit elementor-align-center elementor-widget elementor-widget-button\" data-id=\"0665611\" data-element_type=\"widget\" data-widget_type=\"button.default\">\n\t\t\t\t<div class=\"elementor-widget-container\">\n\t\t\t\t\t\t\t\t\t<div class=\"elementor-button-wrapper\">\n\t\t\t\t\t<a class=\"elementor-button elementor-button-link elementor-size-md elementor-animation-shrink\" href=\"https:\/\/gotasdeamor.net\/it\/#como-ajudar\">\n\t\t\t\t\t\t<span class=\"elementor-button-content-wrapper\">\n\t\t\t\t\t\t\t\t\t<span class=\"elementor-button-text\">DONA ADESSO<\/span>\n\t\t\t\t\t<\/span>\n\t\t\t\t\t<\/a>\n\t\t\t\t<\/div>\n\t\t\t\t\t\t\t\t<\/div>\n\t\t\t\t<\/div>\n\t\t\t\t<\/div>\n\t\t\t\t<\/div>\n\t\t<div class=\"elementor-element elementor-element-76da680b e-flex e-con-boxed e-con e-parent\" data-id=\"76da680b\" data-element_type=\"container\">\n\t\t\t\t\t<div class=\"e-con-inner\">\n\t\t\t\t<div class=\"elementor-element elementor-element-3e13253a elementor-fixed elementor-widget elementor-widget-image\" data-id=\"3e13253a\" data-element_type=\"widget\" data-settings=\"{&quot;_position&quot;:&quot;fixed&quot;,&quot;_animation_mobile&quot;:&quot;zoomIn&quot;}\" data-no-translation=\"\" data-widget_type=\"image.default\">\n\t\t\t\t<div class=\"elementor-widget-container\">\n\t\t\t\t\t\t\t\t\t\t\t\t\t\t\t\t<a href=\"https:\/\/gotasdeamor.net\/missao\">\n\t\t\t\t\t\t\t<img decoding=\"async\" width=\"71\" height=\"50\" src=\"https:\/\/gotasdeamor.net\/wp-content\/uploads\/2024\/06\/icone-bandeira-Bra.png\" class=\"attachment-large size-large wp-image-3209\" alt=\"\" srcset=\"https:\/\/gotasdeamor.net\/wp-content\/uploads\/2024\/06\/icone-bandeira-Bra.png 71w, https:\/\/gotasdeamor.net\/wp-content\/uploads\/2024\/06\/icone-bandeira-Bra-18x12.png 18w\" sizes=\"(max-width: 71px) 100vw, 71px\" \/>\t\t\t\t\t\t\t\t<\/a>\n\t\t\t\t\t\t\t\t\t\t\t\t\t\t\t<\/div>\n\t\t\t\t<\/div>\n\t\t\t\t<div class=\"elementor-element elementor-element-21289449 elementor-fixed elementor-widget elementor-widget-image\" data-id=\"21289449\" data-element_type=\"widget\" data-settings=\"{&quot;_position&quot;:&quot;fixed&quot;,&quot;_animation_mobile&quot;:&quot;zoomIn&quot;}\" data-no-translation=\"\" data-widget_type=\"image.default\">\n\t\t\t\t<div class=\"elementor-widget-container\">\n\t\t\t\t\t<style>.elementor-element-21289449{display:none !important}<\/style>\t\t\t\t<\/div>\n\t\t\t\t<\/div>\n\t\t\t\t<div class=\"elementor-element elementor-element-447ef03a elementor-view-stacked elementor-shape-square elementor-fixed elementor-widget elementor-widget-icon\" data-id=\"447ef03a\" data-element_type=\"widget\" data-settings=\"{&quot;_position&quot;:&quot;fixed&quot;,&quot;_animation_mobile&quot;:&quot;zoomIn&quot;}\" data-widget_type=\"icon.default\">\n\t\t\t\t<div class=\"elementor-widget-container\">\n\t\t\t\t\t\t\t<div class=\"elementor-icon-wrapper\">\n\t\t\t<a class=\"elementor-icon\" href=\"#\">\n\t\t\t<i aria-hidden=\"true\" class=\"fas fa-arrow-up\"><\/i>\t\t\t<\/a>\n\t\t<\/div>\n\t\t\t\t\t\t<\/div>\n\t\t\t\t<\/div>\n\t\t\t\t\t<\/div>\n\t\t\t\t<\/div>\n\t\t\t\t<\/div>","protected":false},"excerpt":{"rendered":"<p>Miss\u00e3o A busca por \u00e1gua na nossa comunidade come\u00e7ou ainda na constru\u00e7\u00e3o da escola, em 1999. Desde ent\u00e3o, a escassez de \u00e1gua, comum no Nordeste brasileiro, sempre foi um grande desafio. Em 2015, foi necess\u00e1rio perfurar um novo po\u00e7o profundo de 70 metros, localizado na \u00e1rea do campo de futebol do Instituto Irm\u00e3 Giuliana Galli. [&hellip;]<\/p>\n","protected":false},"author":1,"featured_media":0,"parent":0,"menu_order":0,"comment_status":"closed","ping_status":"closed","template":"","meta":{"_monsterinsights_skip_tracking":false,"_monsterinsights_sitenote_active":false,"_monsterinsights_sitenote_note":"","_monsterinsights_sitenote_category":0,"footnotes":""},"class_list":["post-2219","page","type-page","status-publish","hentry"],"acf":[],"aioseo_notices":[],"_links":{"self":[{"href":"https:\/\/gotasdeamor.net\/it\/wp-json\/wp\/v2\/pages\/2219","targetHints":{"allow":["GET"]}}],"collection":[{"href":"https:\/\/gotasdeamor.net\/it\/wp-json\/wp\/v2\/pages"}],"about":[{"href":"https:\/\/gotasdeamor.net\/it\/wp-json\/wp\/v2\/types\/page"}],"author":[{"embeddable":true,"href":"https:\/\/gotasdeamor.net\/it\/wp-json\/wp\/v2\/users\/1"}],"replies":[{"embeddable":true,"href":"https:\/\/gotasdeamor.net\/it\/wp-json\/wp\/v2\/comments?post=2219"}],"version-history":[{"count":36,"href":"https:\/\/gotasdeamor.net\/it\/wp-json\/wp\/v2\/pages\/2219\/revisions"}],"predecessor-version":[{"id":3462,"href":"https:\/\/gotasdeamor.net\/it\/wp-json\/wp\/v2\/pages\/2219\/revisions\/3462"}],"wp:attachment":[{"href":"https:\/\/gotasdeamor.net\/it\/wp-json\/wp\/v2\/media?parent=2219"}],"curies":[{"name":"wp","href":"https:\/\/api.w.org\/{rel}","templated":true}]}}